{"id":770,"date":"2018-07-14T12:34:20","date_gmt":"2018-07-14T10:34:20","guid":{"rendered":"https:\/\/www.nadir.fm\/?page_id=770"},"modified":"2018-07-14T12:34:20","modified_gmt":"2018-07-14T10:34:20","slug":"hack-make-workshop-e-dibattiti","status":"publish","type":"page","link":"https:\/\/scugnizzoliberato.org\/nadircollective\/nadir-napoli-direzione-opposta-festival-iv-2018-2\/hack-make-workshop-e-dibattiti\/","title":{"rendered":"hack.make \/ workshop e dibattiti"},"content":{"rendered":"<p>hack the city \/ make the city<br \/>\nWorkshop e dibattiti su Beni Comuni, turismo, periferie<\/p>\n<p><img loading=\"lazy\" decoding=\"async\" src=\"https:\/\/www.nadir.fm\/wordpress\/wp-content\/uploads\/2018\/07\/37040884_1434730400005624_4142761343021219840_o.jpg\" alt=\"\" class=\"size-full wp-image-771 aligncenter\" width=\"1024\" height=\"683\" srcset=\"https:\/\/scugnizzoliberato.org\/nadircollective\/wp-content\/uploads\/2018\/07\/37040884_1434730400005624_4142761343021219840_o.jpg 1024w, https:\/\/scugnizzoliberato.org\/nadircollective\/wp-content\/uploads\/2018\/07\/37040884_1434730400005624_4142761343021219840_o-300x200.jpg 300w, https:\/\/scugnizzoliberato.org\/nadircollective\/wp-content\/uploads\/2018\/07\/37040884_1434730400005624_4142761343021219840_o-768x512.jpg 768w, https:\/\/scugnizzoliberato.org\/nadircollective\/wp-content\/uploads\/2018\/07\/37040884_1434730400005624_4142761343021219840_o-360x240.jpg 360w\" sizes=\"auto, (max-width: 1024px) 100vw, 1024px\" \/><\/p>\n<hr \/>\n<h3>HACK THE CITY!<br \/>\nBeni comuni emergenti nella metropoli<br \/>\nAutogoverno, territori e cooperazione sociale: concetti, narrazioni e tecnologie<\/h3>\n<p>Le esperienze dei beni comuni emergenti nei territori metropolitani rappresentano la capacit\u00e0 di costruire resistenze comunitarie e articolate alla miseria della crisi e alla barbarie della disgregazione sociale e del razzismo, e al tempo stesso la sfida di ridisegnare le relazioni sociali al di l\u00e0 dei confini e delle regole della societ\u00e0 neoliberale e capitalistica. Propriet\u00e0, lavoro, gestione, territorio, democrazia: i principali elementi dell\u2019ordine sociale basato sulla dicotomia Stato-mercato vengono decostruiti e reinventati. La produzione autonoma, le prassi di cura, la costruzione di reti di cooperazione, mutualismo e welfare dal basso, diventano radici di organizzazione ed esperimenti di nuove formazioni sociali che innervano i territori metropolitani risignificandoli in una prospettiva trasformativa. Mappare, raccontare, federare e potenziare queste esperienze, condividere strumenti, saperi e tecnologie, contaminare culture, linguaggi, forme di vita, creare consapevolezza, prassi comune e organizzazione, \u00e8 la prospettiva che proviamo a mettere a fuoco.<br \/>\nA partire dalla discussione sui contenuti del libro su \u201cI beni comuni: l\u2019inaspettata rinascita degli usi civici\u201d; dalle narrazioni delle esperienze di autoproduzione, mutualismo, uso collettivo degli spazi delle comunit\u00e0 dei beni comuni emergenti e dei circuiti di cooperazione nel territorio metropolitano; dalla condivisione di strumenti di alcuni esperimenti di autonomia finanziaria e tecnologie gestionali di autogoverno e produzione autonoma; da questi punti vogliamo riprendere un laboratorio collettivo di riflessione e azione comune che in questi anni soprattutto a Napoli ha dimostrato il suo potenziale trasformativo.<\/p>\n<p><strong>TAVOLA ROTONDA<\/strong><br \/>\n<em>Gli usi civici e collettivi urbani: autogoverno e nuove istituzioni<\/em> (30 min)<br \/>\n<strong>Pierluigi Vattimo<\/strong> _ il comune come modo di produzione<br \/>\n<strong>Peppe Micciarelli<\/strong> _<br \/>\n<strong>Nicola Capone<\/strong> _<br \/>\nTecnologie del comune: moneta, algoritmi, circuiti e forme di vita (20 min)<br \/>\n<strong>Emanuele Braga<\/strong> (Macao, Milano) _ CommonCoin e produzione sociale<br \/>\n<strong>Alessandro Tartaglia<\/strong> (Scuola Open Source) _ Piattaforme cooperative e nuove istituzioni<\/p>\n<p><em>Le esperienze dei beni comuni emergenti nel territorio metropolitano<\/em> (20 min)<br \/>\nComitato ex Convitto Monachelle (Pozzuoli) _ autonomia alimentare, territori e partecipazione<br \/>\nTerranostra occupata (Casoria) _ produzioni agricole fuorimercato, ecologia politica e consumo<br \/>\nCortoCircuito Flegreo (Napoli e zona flegrea) _ filiera corta, km0, lavoro e agricoltura biologica<\/p>\n<p><strong>DIBATTITO SU NARRAZIONI E PROGETTUALITA COMUNI<\/strong><br \/>\nPartecipano e intervengono:<br \/>\n<strong>CAP 80126<\/strong> &#8211; Centro Autogestito Piperno (Napoli, Soccavo) _ mutualismo in periferia; <strong>Zero81<\/strong> &#8211; Laboratorio di mutuo soccorso (Napoli, centro storico) _ birrificio artigianale; <strong>NaDir \\ Napoli Direzione Opposta Festival<\/strong> _ cooperazione sociale e produzioni musicali e culturali indipendenti; <strong>Scugnizzo Liberato<\/strong> laboratorio di mutuo soccorso (Napoli, Montesanto) _ mutualismo e botteghe artigiane; <strong>Giardino Liberato Di Materdei<\/strong> (Napoli, Materdei) _ ;<strong>Ex OPG Je so pazzo<\/strong> (Napoli, Materdei) _ ; <strong>Santa Fede Liberata<\/strong> (Napoli, centro storico) _ ; <strong>Lido Pola<\/strong> liberato (Napoli, Bagnoli-Coroglio) _ autocostruzione, gestione comunitaria e musica underground dentro e contro la devastazione dei territori; a seguire interventi aperti.<br \/>\nLa discussione potr\u00e0 continuare attraverso scambi, conoscenze, demo, chiacchiere, negli spazi del festival<\/p>\n<p><strong>Istruzioni per l\u2019uso<\/strong><br \/>\nInterventi:<br \/>\nlimite di tempo 7-10 min per le prime due sessioni della tavola rotonda<br \/>\n5-7 min per la terza sessione,<br \/>\n3-5 min per il dibattito<br \/>\n\u00e8 utile accompagnare i documenti con testi, documenti, foto, abstract, link da far girare in cartaceo e in rete prima e durante l\u2019incontro<br \/>\n\u00e8 apprezzata la preparazione di contributi che siano frutto di una discussione ed elaborazione collettiva all\u2019interno delle singole realt\u00e0, reti, comunit\u00e0<br \/>\nArgomenti: come board organizzativo abbiamo sollecitato alcune domande e temi indicativi per i partecipanti da intendere come spunti di discussione<br \/>\nDemo: ogni realt\u00e0 pu\u00f2 portare materiali (cartelloni, video, foto, oggetti) e proporre dimostrazioni ed esposizioni di progetti e attivit\u00e0 presso uno degli stand del festival<\/p>\n<p>&nbsp;<\/p>\n<hr \/>\n<h3>MAKE THE CITY!<br \/>\nTuristificazione dei centri storici e abbandono delle periferie<br \/>\nWorkshop: contenuti, strumenti e metodologie per mappare, raccontare, proporre, organizzare resistenze e alternative alla citt\u00e0 neoliberale<\/h3>\n<p>L\u2019aumento spropositato dei flussi della mobilit\u00e0 turistica mondiale, trainato dalle tratte aeree low-cost e dalle app del capitalismo di piattaforma, sta investendo pesantemente le citt\u00e0 con un impatto sull\u2019economia e lo sviluppo urbano. Soprattutto nelle citt\u00e0 del sud Europa e del Mediterraneo, l\u2019economia turistica sta diventando l\u2019unica alternativa alla desertificazione produttiva e industriale e all\u2019impoverimento sociale divenuto drammatico in questi anni di crisi, generando nuovi squilibri e nuovi problemi di gestione amministrativa che assumono il volto di un ricatto neocoloniale. Lo spazio urbano diviene terreno di accumulazione: cambiano l\u2019aspetto dei quartieri storici, la distribuzione della propriet\u00e0 immobiliare, la qualit\u00e0 degli insediamenti, le destinazioni d\u2019uso di edifici, strade, piazze, negozi, la composizione sociale del lavoro, la rappresentazione e la regolamentazione degli spazi pubblici. Un enorme giro d\u2019affari in gran parte esterno a qualsiasi meccanismo di gestione amministrativa pubblica, prelievo fiscale, contrattazione collettiva e perci\u00f2 fuori controllo. Gli effetti sono in alcuni casi molto pesanti: aumento generalizzato dei fitti, concentrazione della propriet\u00e0 immobiliare, espulsione degli abitanti delle classi popolari, gentrificazione, privatizzazione dello spazio pubblico, appiattimento culturale, evasione fiscale, lavoro nero, precariet\u00e0. A fronte di tutto ci\u00f2 vengono sempre pi\u00f9 meno politiche adeguate sulla gestione dei servizi pubblici e sulla garanzia dei diritti sociali, la pianificazione urbana lascia il posto alla speculazione, e la citt\u00e0 in quanto valore d\u2019uso \u00e8 relegata all\u2019abbandono e all\u2019iniziativa privata mentre viene salvaguardato il suo capitale culturale come valore di scambio.<br \/>\nRaccogliere, analizzare e comprendere dati, tendenze e qualit\u00e0 di queste trasformazioni \u00e8 essenziale per costruire mappe, discorsi e diffondere saperi su un fenomeno che investe gli abitanti delle citt\u00e0. Sempre pi\u00f9 nei prossimi anni sar\u00e0 fondamentale creare alleanze sociali, sviluppare resistenze e programmi di intervento, costringere le amministrazioni locali a intervenire ristabilendo la priorit\u00e0 degli interessi pubblici e collettivi contro quelli privati e speculativi.<\/p>\n<p>WORKSHOP<br \/>\n<strong>Alessandra Esposito<\/strong> _<br \/>\n<strong>Nodo napoletano rete SET<\/strong> _<\/p>\n","protected":false},"excerpt":{"rendered":"<p>hack the city \/ make the city Workshop e dibattiti su Beni Comuni, turismo, periferie HACK THE CITY! Beni comuni emergenti nella metropoli Autogoverno, territori e cooperazione sociale: concetti, narrazioni e tecnologie Le esperienze dei beni comuni emergenti nei territori metropolitani rappresentano la capacit\u00e0 di costruire resistenze comunitarie e articolate [&hellip;]<\/p>\n","protected":false},"author":9,"featured_media":0,"parent":519,"menu_order":0,"comment_status":"closed","ping_status":"closed","template":"","meta":{"footnotes":""},"class_list":["post-770","page","type-page","status-publish","hentry"],"yoast_head":"<!-- This site is optimized with the Yoast SEO plugin v27.4 - https:\/\/yoast.com\/product\/yoast-seo-wordpress\/ -->\n<title>hack.make \/ workshop e dibattiti - NaDir \/ Napoli Direzione Opposta<\/title>\n<meta name=\"robots\" content=\"index, follow, max-snippet:-1, max-image-preview:large, max-video-preview:-1\" \/>\n<link rel=\"canonical\" href=\"https:\/\/scugnizzoliberato.org\/nadircollective\/nadir-napoli-direzione-opposta-festival-iv-2018-2\/hack-make-workshop-e-dibattiti\/\" \/>\n<meta property=\"og:locale\" content=\"en_US\" \/>\n<meta property=\"og:type\" content=\"article\" \/>\n<meta property=\"og:title\" content=\"hack.make \/ workshop e dibattiti - NaDir \/ Napoli Direzione Opposta\" \/>\n<meta property=\"og:description\" content=\"hack the city \/ make the city Workshop e dibattiti su Beni Comuni, turismo, periferie HACK THE CITY! Beni comuni emergenti nella metropoli Autogoverno, territori e cooperazione sociale: concetti, narrazioni e tecnologie Le esperienze dei beni comuni emergenti nei territori metropolitani rappresentano la capacit\u00e0 di costruire resistenze comunitarie e articolate [&hellip;]\" \/>\n<meta property=\"og:url\" content=\"https:\/\/scugnizzoliberato.org\/nadircollective\/nadir-napoli-direzione-opposta-festival-iv-2018-2\/hack-make-workshop-e-dibattiti\/\" \/>\n<meta property=\"og:site_name\" content=\"NaDir \/ Napoli Direzione Opposta\" \/>\n<meta property=\"article:publisher\" content=\"https:\/\/www.facebook.com\/nadirdirezioneopposta\/\" \/>\n<meta property=\"og:image\" content=\"https:\/\/www.nadir.fm\/wordpress\/wp-content\/uploads\/2018\/07\/37040884_1434730400005624_4142761343021219840_o.jpg\" \/>\n<meta name=\"twitter:card\" content=\"summary_large_image\" \/>\n<meta name=\"twitter:site\" content=\"@NaDirCollective\" \/>\n<meta name=\"twitter:label1\" content=\"Est. reading time\" \/>\n\t<meta name=\"twitter:data1\" content=\"5 minutes\" \/>\n<script type=\"application\/ld+json\" class=\"yoast-schema-graph\">{\"@context\":\"https:\\\/\\\/schema.org\",\"@graph\":[{\"@type\":\"WebPage\",\"@id\":\"https:\\\/\\\/scugnizzoliberato.org\\\/nadircollective\\\/nadir-napoli-direzione-opposta-festival-iv-2018-2\\\/hack-make-workshop-e-dibattiti\\\/\",\"url\":\"https:\\\/\\\/scugnizzoliberato.org\\\/nadircollective\\\/nadir-napoli-direzione-opposta-festival-iv-2018-2\\\/hack-make-workshop-e-dibattiti\\\/\",\"name\":\"hack.make \\\/ workshop e dibattiti - NaDir \\\/ Napoli Direzione Opposta\",\"isPartOf\":{\"@id\":\"https:\\\/\\\/scugnizzoliberato.org\\\/nadircollective\\\/#website\"},\"primaryImageOfPage\":{\"@id\":\"https:\\\/\\\/scugnizzoliberato.org\\\/nadircollective\\\/nadir-napoli-direzione-opposta-festival-iv-2018-2\\\/hack-make-workshop-e-dibattiti\\\/#primaryimage\"},\"image\":{\"@id\":\"https:\\\/\\\/scugnizzoliberato.org\\\/nadircollective\\\/nadir-napoli-direzione-opposta-festival-iv-2018-2\\\/hack-make-workshop-e-dibattiti\\\/#primaryimage\"},\"thumbnailUrl\":\"https:\\\/\\\/www.nadir.fm\\\/wordpress\\\/wp-content\\\/uploads\\\/2018\\\/07\\\/37040884_1434730400005624_4142761343021219840_o.jpg\",\"datePublished\":\"2018-07-14T10:34:20+00:00\",\"breadcrumb\":{\"@id\":\"https:\\\/\\\/scugnizzoliberato.org\\\/nadircollective\\\/nadir-napoli-direzione-opposta-festival-iv-2018-2\\\/hack-make-workshop-e-dibattiti\\\/#breadcrumb\"},\"inLanguage\":\"en-US\",\"potentialAction\":[{\"@type\":\"ReadAction\",\"target\":[\"https:\\\/\\\/scugnizzoliberato.org\\\/nadircollective\\\/nadir-napoli-direzione-opposta-festival-iv-2018-2\\\/hack-make-workshop-e-dibattiti\\\/\"]}]},{\"@type\":\"ImageObject\",\"inLanguage\":\"en-US\",\"@id\":\"https:\\\/\\\/scugnizzoliberato.org\\\/nadircollective\\\/nadir-napoli-direzione-opposta-festival-iv-2018-2\\\/hack-make-workshop-e-dibattiti\\\/#primaryimage\",\"url\":\"https:\\\/\\\/www.nadir.fm\\\/wordpress\\\/wp-content\\\/uploads\\\/2018\\\/07\\\/37040884_1434730400005624_4142761343021219840_o.jpg\",\"contentUrl\":\"https:\\\/\\\/www.nadir.fm\\\/wordpress\\\/wp-content\\\/uploads\\\/2018\\\/07\\\/37040884_1434730400005624_4142761343021219840_o.jpg\"},{\"@type\":\"BreadcrumbList\",\"@id\":\"https:\\\/\\\/scugnizzoliberato.org\\\/nadircollective\\\/nadir-napoli-direzione-opposta-festival-iv-2018-2\\\/hack-make-workshop-e-dibattiti\\\/#breadcrumb\",\"itemListElement\":[{\"@type\":\"ListItem\",\"position\":1,\"name\":\"Home\",\"item\":\"https:\\\/\\\/scugnizzoliberato.org\\\/nadircollective\\\/\"},{\"@type\":\"ListItem\",\"position\":2,\"name\":\"NaDir \\\/ Napoli Direzione Opposta Festival IV \u2013 2018\",\"item\":\"https:\\\/\\\/scugnizzoliberato.org\\\/nadircollective\\\/nadir-napoli-direzione-opposta-festival-iv-2018-2\\\/\"},{\"@type\":\"ListItem\",\"position\":3,\"name\":\"hack.make \\\/ workshop e dibattiti\"}]},{\"@type\":\"WebSite\",\"@id\":\"https:\\\/\\\/scugnizzoliberato.org\\\/nadircollective\\\/#website\",\"url\":\"https:\\\/\\\/scugnizzoliberato.org\\\/nadircollective\\\/\",\"name\":\"NaDir Collective\",\"description\":\"Collettivo di musicist*, artist*, precar* dello spettacolo \ud83d\ude802015 \ud83c\udfe0 Scugnizzo Liberato \\\/ Napoli\",\"publisher\":{\"@id\":\"https:\\\/\\\/scugnizzoliberato.org\\\/nadircollective\\\/#organization\"},\"potentialAction\":[{\"@type\":\"SearchAction\",\"target\":{\"@type\":\"EntryPoint\",\"urlTemplate\":\"https:\\\/\\\/scugnizzoliberato.org\\\/nadircollective\\\/?s={search_term_string}\"},\"query-input\":{\"@type\":\"PropertyValueSpecification\",\"valueRequired\":true,\"valueName\":\"search_term_string\"}}],\"inLanguage\":\"en-US\"},{\"@type\":\"Organization\",\"@id\":\"https:\\\/\\\/scugnizzoliberato.org\\\/nadircollective\\\/#organization\",\"name\":\"NaDir \\\/ Napoli Direzione Opposta\",\"url\":\"https:\\\/\\\/scugnizzoliberato.org\\\/nadircollective\\\/\",\"logo\":{\"@type\":\"ImageObject\",\"inLanguage\":\"en-US\",\"@id\":\"https:\\\/\\\/scugnizzoliberato.org\\\/nadircollective\\\/#\\\/schema\\\/logo\\\/image\\\/\",\"url\":\"https:\\\/\\\/scugnizzoliberato.org\\\/nadircollective\\\/wp-content\\\/uploads\\\/2018\\\/05\\\/sestante-NaDir.png\",\"contentUrl\":\"https:\\\/\\\/scugnizzoliberato.org\\\/nadircollective\\\/wp-content\\\/uploads\\\/2018\\\/05\\\/sestante-NaDir.png\",\"width\":512,\"height\":512,\"caption\":\"NaDir \\\/ Napoli Direzione Opposta\"},\"image\":{\"@id\":\"https:\\\/\\\/scugnizzoliberato.org\\\/nadircollective\\\/#\\\/schema\\\/logo\\\/image\\\/\"},\"sameAs\":[\"https:\\\/\\\/www.facebook.com\\\/nadirdirezioneopposta\\\/\",\"https:\\\/\\\/x.com\\\/NaDirCollective\",\"https:\\\/\\\/www.instagram.com\\\/nadir_direzioneopposta\\\/\",\"https:\\\/\\\/www.youtube.com\\\/channel\\\/UCdR4Xs7DPzaR7HQslIgHMTA\"]}]}<\/script>\n<!-- \/ Yoast SEO plugin. -->","yoast_head_json":{"title":"hack.make \/ workshop e dibattiti - NaDir \/ Napoli Direzione Opposta","robots":{"index":"index","follow":"follow","max-snippet":"max-snippet:-1","max-image-preview":"max-image-preview:large","max-video-preview":"max-video-preview:-1"},"canonical":"https:\/\/scugnizzoliberato.org\/nadircollective\/nadir-napoli-direzione-opposta-festival-iv-2018-2\/hack-make-workshop-e-dibattiti\/","og_locale":"en_US","og_type":"article","og_title":"hack.make \/ workshop e dibattiti - NaDir \/ Napoli Direzione Opposta","og_description":"hack the city \/ make the city Workshop e dibattiti su Beni Comuni, turismo, periferie HACK THE CITY! Beni comuni emergenti nella metropoli Autogoverno, territori e cooperazione sociale: concetti, narrazioni e tecnologie Le esperienze dei beni comuni emergenti nei territori metropolitani rappresentano la capacit\u00e0 di costruire resistenze comunitarie e articolate [&hellip;]","og_url":"https:\/\/scugnizzoliberato.org\/nadircollective\/nadir-napoli-direzione-opposta-festival-iv-2018-2\/hack-make-workshop-e-dibattiti\/","og_site_name":"NaDir \/ Napoli Direzione Opposta","article_publisher":"https:\/\/www.facebook.com\/nadirdirezioneopposta\/","og_image":[{"url":"https:\/\/www.nadir.fm\/wordpress\/wp-content\/uploads\/2018\/07\/37040884_1434730400005624_4142761343021219840_o.jpg","type":"","width":"","height":""}],"twitter_card":"summary_large_image","twitter_site":"@NaDirCollective","twitter_misc":{"Est. reading time":"5 minutes"},"schema":{"@context":"https:\/\/schema.org","@graph":[{"@type":"WebPage","@id":"https:\/\/scugnizzoliberato.org\/nadircollective\/nadir-napoli-direzione-opposta-festival-iv-2018-2\/hack-make-workshop-e-dibattiti\/","url":"https:\/\/scugnizzoliberato.org\/nadircollective\/nadir-napoli-direzione-opposta-festival-iv-2018-2\/hack-make-workshop-e-dibattiti\/","name":"hack.make \/ workshop e dibattiti - NaDir \/ Napoli Direzione Opposta","isPartOf":{"@id":"https:\/\/scugnizzoliberato.org\/nadircollective\/#website"},"primaryImageOfPage":{"@id":"https:\/\/scugnizzoliberato.org\/nadircollective\/nadir-napoli-direzione-opposta-festival-iv-2018-2\/hack-make-workshop-e-dibattiti\/#primaryimage"},"image":{"@id":"https:\/\/scugnizzoliberato.org\/nadircollective\/nadir-napoli-direzione-opposta-festival-iv-2018-2\/hack-make-workshop-e-dibattiti\/#primaryimage"},"thumbnailUrl":"https:\/\/www.nadir.fm\/wordpress\/wp-content\/uploads\/2018\/07\/37040884_1434730400005624_4142761343021219840_o.jpg","datePublished":"2018-07-14T10:34:20+00:00","breadcrumb":{"@id":"https:\/\/scugnizzoliberato.org\/nadircollective\/nadir-napoli-direzione-opposta-festival-iv-2018-2\/hack-make-workshop-e-dibattiti\/#breadcrumb"},"inLanguage":"en-US","potentialAction":[{"@type":"ReadAction","target":["https:\/\/scugnizzoliberato.org\/nadircollective\/nadir-napoli-direzione-opposta-festival-iv-2018-2\/hack-make-workshop-e-dibattiti\/"]}]},{"@type":"ImageObject","inLanguage":"en-US","@id":"https:\/\/scugnizzoliberato.org\/nadircollective\/nadir-napoli-direzione-opposta-festival-iv-2018-2\/hack-make-workshop-e-dibattiti\/#primaryimage","url":"https:\/\/www.nadir.fm\/wordpress\/wp-content\/uploads\/2018\/07\/37040884_1434730400005624_4142761343021219840_o.jpg","contentUrl":"https:\/\/www.nadir.fm\/wordpress\/wp-content\/uploads\/2018\/07\/37040884_1434730400005624_4142761343021219840_o.jpg"},{"@type":"BreadcrumbList","@id":"https:\/\/scugnizzoliberato.org\/nadircollective\/nadir-napoli-direzione-opposta-festival-iv-2018-2\/hack-make-workshop-e-dibattiti\/#breadcrumb","itemListElement":[{"@type":"ListItem","position":1,"name":"Home","item":"https:\/\/scugnizzoliberato.org\/nadircollective\/"},{"@type":"ListItem","position":2,"name":"NaDir \/ Napoli Direzione Opposta Festival IV \u2013 2018","item":"https:\/\/scugnizzoliberato.org\/nadircollective\/nadir-napoli-direzione-opposta-festival-iv-2018-2\/"},{"@type":"ListItem","position":3,"name":"hack.make \/ workshop e dibattiti"}]},{"@type":"WebSite","@id":"https:\/\/scugnizzoliberato.org\/nadircollective\/#website","url":"https:\/\/scugnizzoliberato.org\/nadircollective\/","name":"NaDir Collective","description":"Collettivo di musicist*, artist*, precar* dello spettacolo \ud83d\ude802015 \ud83c\udfe0 Scugnizzo Liberato \/ Napoli","publisher":{"@id":"https:\/\/scugnizzoliberato.org\/nadircollective\/#organization"},"potentialAction":[{"@type":"SearchAction","target":{"@type":"EntryPoint","urlTemplate":"https:\/\/scugnizzoliberato.org\/nadircollective\/?s={search_term_string}"},"query-input":{"@type":"PropertyValueSpecification","valueRequired":true,"valueName":"search_term_string"}}],"inLanguage":"en-US"},{"@type":"Organization","@id":"https:\/\/scugnizzoliberato.org\/nadircollective\/#organization","name":"NaDir \/ Napoli Direzione Opposta","url":"https:\/\/scugnizzoliberato.org\/nadircollective\/","logo":{"@type":"ImageObject","inLanguage":"en-US","@id":"https:\/\/scugnizzoliberato.org\/nadircollective\/#\/schema\/logo\/image\/","url":"https:\/\/scugnizzoliberato.org\/nadircollective\/wp-content\/uploads\/2018\/05\/sestante-NaDir.png","contentUrl":"https:\/\/scugnizzoliberato.org\/nadircollective\/wp-content\/uploads\/2018\/05\/sestante-NaDir.png","width":512,"height":512,"caption":"NaDir \/ Napoli Direzione Opposta"},"image":{"@id":"https:\/\/scugnizzoliberato.org\/nadircollective\/#\/schema\/logo\/image\/"},"sameAs":["https:\/\/www.facebook.com\/nadirdirezioneopposta\/","https:\/\/x.com\/NaDirCollective","https:\/\/www.instagram.com\/nadir_direzioneopposta\/","https:\/\/www.youtube.com\/channel\/UCdR4Xs7DPzaR7HQslIgHMTA"]}]}},"_links":{"self":[{"href":"https:\/\/scugnizzoliberato.org\/nadircollective\/wp-json\/wp\/v2\/pages\/770","targetHints":{"allow":["GET"]}}],"collection":[{"href":"https:\/\/scugnizzoliberato.org\/nadircollective\/wp-json\/wp\/v2\/pages"}],"about":[{"href":"https:\/\/scugnizzoliberato.org\/nadircollective\/wp-json\/wp\/v2\/types\/page"}],"author":[{"embeddable":true,"href":"https:\/\/scugnizzoliberato.org\/nadircollective\/wp-json\/wp\/v2\/users\/9"}],"replies":[{"embeddable":true,"href":"https:\/\/scugnizzoliberato.org\/nadircollective\/wp-json\/wp\/v2\/comments?post=770"}],"version-history":[{"count":2,"href":"https:\/\/scugnizzoliberato.org\/nadircollective\/wp-json\/wp\/v2\/pages\/770\/revisions"}],"predecessor-version":[{"id":773,"href":"https:\/\/scugnizzoliberato.org\/nadircollective\/wp-json\/wp\/v2\/pages\/770\/revisions\/773"}],"up":[{"embeddable":true,"href":"https:\/\/scugnizzoliberato.org\/nadircollective\/wp-json\/wp\/v2\/pages\/519"}],"wp:attachment":[{"href":"https:\/\/scugnizzoliberato.org\/nadircollective\/wp-json\/wp\/v2\/media?parent=770"}],"curies":[{"name":"wp","href":"https:\/\/api.w.org\/{rel}","templated":true}]}}