{"id":750,"date":"2018-07-08T12:21:59","date_gmt":"2018-07-08T10:21:59","guid":{"rendered":"https:\/\/www.nadir.fm\/?page_id=750"},"modified":"2018-07-14T12:26:30","modified_gmt":"2018-07-14T10:26:30","slug":"nadir-open-seas-attivita-quotidiane","status":"publish","type":"page","link":"https:\/\/scugnizzoliberato.org\/nadircollective\/nadir-napoli-direzione-opposta-festival-iv-2018-2\/nadir-open-seas-attivita-quotidiane\/","title":{"rendered":"NaDir OpenSeas \/ Attivit\u00e0 Quotidiane"},"content":{"rendered":"<p><em>Direzione Opposta significa anche questo, fare produzioni musicali senza dimenticare che l&#8217;arte e la cultura sono immerse nel mondo, nella citt\u00e0 che viviamo e che in direzione opposta si naviga insieme.<\/em><br \/>\nI primi due giorni del festival, marted\u00ec 18 e mercoled\u00ec 19 luglio, saranno a ingresso gratuito e dedicati ad incontri, dibattiti, workshop e soprattutto attivit\u00e0 dedicate all\u2019infanzia e ai pi\u00f9 piccoli. Teniamo particolarmente a questo aspetto, senza il quale il <strong>NaDir \\ Napoli Direzione Opposta Festival sarebbe solo una serie di concerti in un luogo inusuale e non un progetto che nasce da percorsi politici e sociali<\/strong>.<\/p>\n<h2>Mercoled\u00ec 18<\/h2>\n<h4><span><strong>Danze Popolari<\/strong><\/span><\/h4>\n<p><span>Prima di Cinema sotto le stelle al CAP 80126, mercoled\u00ec apriamo il NaDir \\ Napoli Direzione Opposta Festival IV con un aperitivo musicale a base di danze popolari insieme alla\u00a0<\/span><a class=\"profileLink\" href=\"https:\/\/www.facebook.com\/Compagnia-d-o-tammurro-suoni-canti-e-balli-dellArea-Flegrea-304441273040136\/?fref=mentions\" data-hovercard=\"\/ajax\/hovercard\/page.php?id=304441273040136&amp;extragetparams=%7B%22fref%22%3A%22mentions%22%2C%22directed_target_id%22%3A1274321902670940%7D\" data-hovercard-prefer-more-content-show=\"1\">Compagnia d&#8217; &#8216;o tammurro suoni canti e balli dell&#8217;Area Flegrea<\/a><span>!<\/span><br \/>\n<span>Da tempo il CAP 80126 &#8211; Centro Autogestito Piperno ha intrapreso un lavoro sulle danze popolari della nostra regione e siamo contenti di portare anche questo all&#8217;interno del festival.<\/span><br \/>\n<span>Mercoled\u00ec 18, ore 18:30 al Polifunzionale di Soccavo.<\/span><\/p>\n<h4><strong>Cinema Sotto le Stelle \/ Grand Budapest Hotel &#8211; Wes Anderson<br \/>\n<\/strong><\/h4>\n<p>La prima serata del NaDir \\ Napoli Direzione Opposta Festival IV, quella del 18 luglio, si chiude con un&#8217;iniziativa a cui teniamo molto: l&#8217;ultimo appuntamento della rassegna &#8220;Cinema Sotto le Stelle&#8221;, organizzata dal <strong>CAP 80126 &#8211; Centro Autogestito Piperno<\/strong>, con la proiezione di Grand Budapest Hotel di Wes Andrerson.<br \/>\nUna rassegna che parla di cultura e socialit\u00e0 nel quartiere Soccavo, a due passi dal Polifunzionale, e che si concluder\u00e0 proprio l\u00ec durante la prima serata del nostro festival, un importante raccordo con l&#8217;inestimabile lavoro di presidio sociale che i nostri compagni svolgono ogni giorno sul quartiere.<a class=\"_58cn\" href=\"https:\/\/www.facebook.com\/hashtag\/cap80126?source=feed_text\" data-ft=\"{&quot;tn&quot;:&quot;*N&quot;,&quot;type&quot;:104}\"><span class=\"_5afx\"><span class=\"_58cm\"><\/span><\/span><\/a><br \/>\n<a href=\"https:\/\/www.facebook.com\/events\/398119697362012\/\">Evento Facebook<\/a><\/p>\n<h2>Gioved\u00ec 19<\/h2>\n<h4><strong>Pomeriggio: Attivit\u00e0 per bambini e bambine<\/strong><\/h4>\n<p>Nei giorni del Nadir Festival al Polifunzionale di Soccavo dedicheremo una giornata all&#8217;incontro di varie realt\u00e0 impegnate sull&#8217;infanzia. L&#8217;esperienza dei doposcuola popolari e delle associazioni si incontrano nel grande prato per trasformarlo in un grande parco giochi. La <strong>Rete Strummolo<\/strong> incontra l&#8217;<strong>Associazione Davide Bifolco<\/strong>, il <strong>centro Hurtado<\/strong> e il <strong>MammutBus<\/strong> con i suoi fantastici giochi. Ci saranno diverse attivit\u00e0 laboratoriali dove poter partecipare in gruppo con l&#8217;intento di creare socialit\u00e0 tra i bambini e le bambine che vi parteciperanno. Tutte queste esperienze partono dal presupposto che il gioco sia un importante strumento educativo, che da questo possano innescarsi nuovi modi di stare insieme e nuove forme di apprendimento, basandosi sull&#8217;aiuto e la cooperazione e contrastando l&#8217;esclusione<\/p>\n","protected":false},"excerpt":{"rendered":"<p>Direzione Opposta significa anche questo, fare produzioni musicali senza dimenticare che l&#8217;arte e la cultura sono immerse nel mondo, nella citt\u00e0 che viviamo e che in direzione opposta si naviga insieme. I primi due giorni del festival, marted\u00ec 18 e mercoled\u00ec 19 luglio, saranno a ingresso gratuito e dedicati ad [&hellip;]<\/p>\n","protected":false},"author":9,"featured_media":0,"parent":519,"menu_order":0,"comment_status":"closed","ping_status":"closed","template":"","meta":{"footnotes":""},"class_list":["post-750","page","type-page","status-publish","hentry"],"yoast_head":"<!-- This site is optimized with the Yoast SEO plugin v27.4 - https:\/\/yoast.com\/product\/yoast-seo-wordpress\/ -->\n<title>NaDir OpenSeas \/ Attivit\u00e0 Quotidiane - NaDir \/ Napoli Direzione Opposta<\/title>\n<meta name=\"robots\" content=\"index, follow, max-snippet:-1, max-image-preview:large, max-video-preview:-1\" \/>\n<link rel=\"canonical\" href=\"https:\/\/scugnizzoliberato.org\/nadircollective\/nadir-napoli-direzione-opposta-festival-iv-2018-2\/nadir-open-seas-attivita-quotidiane\/\" \/>\n<meta property=\"og:locale\" content=\"en_US\" \/>\n<meta property=\"og:type\" content=\"article\" \/>\n<meta property=\"og:title\" content=\"NaDir OpenSeas \/ Attivit\u00e0 Quotidiane - NaDir \/ Napoli Direzione Opposta\" \/>\n<meta property=\"og:description\" content=\"Direzione Opposta significa anche questo, fare produzioni musicali senza dimenticare che l&#8217;arte e la cultura sono immerse nel mondo, nella citt\u00e0 che viviamo e che in direzione opposta si naviga insieme. I primi due giorni del festival, marted\u00ec 18 e mercoled\u00ec 19 luglio, saranno a ingresso gratuito e dedicati ad [&hellip;]\" \/>\n<meta property=\"og:url\" content=\"https:\/\/scugnizzoliberato.org\/nadircollective\/nadir-napoli-direzione-opposta-festival-iv-2018-2\/nadir-open-seas-attivita-quotidiane\/\" \/>\n<meta property=\"og:site_name\" content=\"NaDir \/ Napoli Direzione Opposta\" \/>\n<meta property=\"article:publisher\" content=\"https:\/\/www.facebook.com\/nadirdirezioneopposta\/\" \/>\n<meta property=\"article:modified_time\" content=\"2018-07-14T10:26:30+00:00\" \/>\n<meta property=\"og:image\" content=\"https:\/\/scugnizzoliberato.org\/nadircollective\/wp-content\/uploads\/2018\/05\/GZEROchitarrella.jpg\" \/>\n\t<meta property=\"og:image:width\" content=\"1024\" \/>\n\t<meta property=\"og:image:height\" content=\"681\" \/>\n\t<meta property=\"og:image:type\" content=\"image\/jpeg\" \/>\n<meta name=\"twitter:card\" content=\"summary_large_image\" \/>\n<meta name=\"twitter:site\" content=\"@NaDirCollective\" \/>\n<meta name=\"twitter:label1\" content=\"Est. reading time\" \/>\n\t<meta name=\"twitter:data1\" content=\"2 minutes\" \/>\n<script type=\"application\/ld+json\" class=\"yoast-schema-graph\">{\"@context\":\"https:\\\/\\\/schema.org\",\"@graph\":[{\"@type\":\"WebPage\",\"@id\":\"https:\\\/\\\/scugnizzoliberato.org\\\/nadircollective\\\/nadir-napoli-direzione-opposta-festival-iv-2018-2\\\/nadir-open-seas-attivita-quotidiane\\\/\",\"url\":\"https:\\\/\\\/scugnizzoliberato.org\\\/nadircollective\\\/nadir-napoli-direzione-opposta-festival-iv-2018-2\\\/nadir-open-seas-attivita-quotidiane\\\/\",\"name\":\"NaDir OpenSeas \\\/ Attivit\u00e0 Quotidiane - NaDir \\\/ Napoli Direzione Opposta\",\"isPartOf\":{\"@id\":\"https:\\\/\\\/scugnizzoliberato.org\\\/nadircollective\\\/#website\"},\"datePublished\":\"2018-07-08T10:21:59+00:00\",\"dateModified\":\"2018-07-14T10:26:30+00:00\",\"breadcrumb\":{\"@id\":\"https:\\\/\\\/scugnizzoliberato.org\\\/nadircollective\\\/nadir-napoli-direzione-opposta-festival-iv-2018-2\\\/nadir-open-seas-attivita-quotidiane\\\/#breadcrumb\"},\"inLanguage\":\"en-US\",\"potentialAction\":[{\"@type\":\"ReadAction\",\"target\":[\"https:\\\/\\\/scugnizzoliberato.org\\\/nadircollective\\\/nadir-napoli-direzione-opposta-festival-iv-2018-2\\\/nadir-open-seas-attivita-quotidiane\\\/\"]}]},{\"@type\":\"BreadcrumbList\",\"@id\":\"https:\\\/\\\/scugnizzoliberato.org\\\/nadircollective\\\/nadir-napoli-direzione-opposta-festival-iv-2018-2\\\/nadir-open-seas-attivita-quotidiane\\\/#breadcrumb\",\"itemListElement\":[{\"@type\":\"ListItem\",\"position\":1,\"name\":\"Home\",\"item\":\"https:\\\/\\\/scugnizzoliberato.org\\\/nadircollective\\\/\"},{\"@type\":\"ListItem\",\"position\":2,\"name\":\"NaDir \\\/ Napoli Direzione Opposta Festival IV \u2013 2018\",\"item\":\"https:\\\/\\\/scugnizzoliberato.org\\\/nadircollective\\\/nadir-napoli-direzione-opposta-festival-iv-2018-2\\\/\"},{\"@type\":\"ListItem\",\"position\":3,\"name\":\"NaDir OpenSeas \\\/ Attivit\u00e0 Quotidiane\"}]},{\"@type\":\"WebSite\",\"@id\":\"https:\\\/\\\/scugnizzoliberato.org\\\/nadircollective\\\/#website\",\"url\":\"https:\\\/\\\/scugnizzoliberato.org\\\/nadircollective\\\/\",\"name\":\"NaDir Collective\",\"description\":\"Collettivo di musicist*, artist*, precar* dello spettacolo \ud83d\ude802015 \ud83c\udfe0 Scugnizzo Liberato \\\/ Napoli\",\"publisher\":{\"@id\":\"https:\\\/\\\/scugnizzoliberato.org\\\/nadircollective\\\/#organization\"},\"potentialAction\":[{\"@type\":\"SearchAction\",\"target\":{\"@type\":\"EntryPoint\",\"urlTemplate\":\"https:\\\/\\\/scugnizzoliberato.org\\\/nadircollective\\\/?s={search_term_string}\"},\"query-input\":{\"@type\":\"PropertyValueSpecification\",\"valueRequired\":true,\"valueName\":\"search_term_string\"}}],\"inLanguage\":\"en-US\"},{\"@type\":\"Organization\",\"@id\":\"https:\\\/\\\/scugnizzoliberato.org\\\/nadircollective\\\/#organization\",\"name\":\"NaDir \\\/ Napoli Direzione Opposta\",\"url\":\"https:\\\/\\\/scugnizzoliberato.org\\\/nadircollective\\\/\",\"logo\":{\"@type\":\"ImageObject\",\"inLanguage\":\"en-US\",\"@id\":\"https:\\\/\\\/scugnizzoliberato.org\\\/nadircollective\\\/#\\\/schema\\\/logo\\\/image\\\/\",\"url\":\"https:\\\/\\\/scugnizzoliberato.org\\\/nadircollective\\\/wp-content\\\/uploads\\\/2018\\\/05\\\/sestante-NaDir.png\",\"contentUrl\":\"https:\\\/\\\/scugnizzoliberato.org\\\/nadircollective\\\/wp-content\\\/uploads\\\/2018\\\/05\\\/sestante-NaDir.png\",\"width\":512,\"height\":512,\"caption\":\"NaDir \\\/ Napoli Direzione Opposta\"},\"image\":{\"@id\":\"https:\\\/\\\/scugnizzoliberato.org\\\/nadircollective\\\/#\\\/schema\\\/logo\\\/image\\\/\"},\"sameAs\":[\"https:\\\/\\\/www.facebook.com\\\/nadirdirezioneopposta\\\/\",\"https:\\\/\\\/x.com\\\/NaDirCollective\",\"https:\\\/\\\/www.instagram.com\\\/nadir_direzioneopposta\\\/\",\"https:\\\/\\\/www.youtube.com\\\/channel\\\/UCdR4Xs7DPzaR7HQslIgHMTA\"]}]}<\/script>\n<!-- \/ Yoast SEO plugin. -->","yoast_head_json":{"title":"NaDir OpenSeas \/ Attivit\u00e0 Quotidiane - NaDir \/ Napoli Direzione Opposta","robots":{"index":"index","follow":"follow","max-snippet":"max-snippet:-1","max-image-preview":"max-image-preview:large","max-video-preview":"max-video-preview:-1"},"canonical":"https:\/\/scugnizzoliberato.org\/nadircollective\/nadir-napoli-direzione-opposta-festival-iv-2018-2\/nadir-open-seas-attivita-quotidiane\/","og_locale":"en_US","og_type":"article","og_title":"NaDir OpenSeas \/ Attivit\u00e0 Quotidiane - NaDir \/ Napoli Direzione Opposta","og_description":"Direzione Opposta significa anche questo, fare produzioni musicali senza dimenticare che l&#8217;arte e la cultura sono immerse nel mondo, nella citt\u00e0 che viviamo e che in direzione opposta si naviga insieme. I primi due giorni del festival, marted\u00ec 18 e mercoled\u00ec 19 luglio, saranno a ingresso gratuito e dedicati ad [&hellip;]","og_url":"https:\/\/scugnizzoliberato.org\/nadircollective\/nadir-napoli-direzione-opposta-festival-iv-2018-2\/nadir-open-seas-attivita-quotidiane\/","og_site_name":"NaDir \/ Napoli Direzione Opposta","article_publisher":"https:\/\/www.facebook.com\/nadirdirezioneopposta\/","article_modified_time":"2018-07-14T10:26:30+00:00","og_image":[{"width":1024,"height":681,"url":"https:\/\/scugnizzoliberato.org\/nadircollective\/wp-content\/uploads\/2018\/05\/GZEROchitarrella.jpg","type":"image\/jpeg"}],"twitter_card":"summary_large_image","twitter_site":"@NaDirCollective","twitter_misc":{"Est. reading time":"2 minutes"},"schema":{"@context":"https:\/\/schema.org","@graph":[{"@type":"WebPage","@id":"https:\/\/scugnizzoliberato.org\/nadircollective\/nadir-napoli-direzione-opposta-festival-iv-2018-2\/nadir-open-seas-attivita-quotidiane\/","url":"https:\/\/scugnizzoliberato.org\/nadircollective\/nadir-napoli-direzione-opposta-festival-iv-2018-2\/nadir-open-seas-attivita-quotidiane\/","name":"NaDir OpenSeas \/ Attivit\u00e0 Quotidiane - NaDir \/ Napoli Direzione Opposta","isPartOf":{"@id":"https:\/\/scugnizzoliberato.org\/nadircollective\/#website"},"datePublished":"2018-07-08T10:21:59+00:00","dateModified":"2018-07-14T10:26:30+00:00","breadcrumb":{"@id":"https:\/\/scugnizzoliberato.org\/nadircollective\/nadir-napoli-direzione-opposta-festival-iv-2018-2\/nadir-open-seas-attivita-quotidiane\/#breadcrumb"},"inLanguage":"en-US","potentialAction":[{"@type":"ReadAction","target":["https:\/\/scugnizzoliberato.org\/nadircollective\/nadir-napoli-direzione-opposta-festival-iv-2018-2\/nadir-open-seas-attivita-quotidiane\/"]}]},{"@type":"BreadcrumbList","@id":"https:\/\/scugnizzoliberato.org\/nadircollective\/nadir-napoli-direzione-opposta-festival-iv-2018-2\/nadir-open-seas-attivita-quotidiane\/#breadcrumb","itemListElement":[{"@type":"ListItem","position":1,"name":"Home","item":"https:\/\/scugnizzoliberato.org\/nadircollective\/"},{"@type":"ListItem","position":2,"name":"NaDir \/ Napoli Direzione Opposta Festival IV \u2013 2018","item":"https:\/\/scugnizzoliberato.org\/nadircollective\/nadir-napoli-direzione-opposta-festival-iv-2018-2\/"},{"@type":"ListItem","position":3,"name":"NaDir OpenSeas \/ Attivit\u00e0 Quotidiane"}]},{"@type":"WebSite","@id":"https:\/\/scugnizzoliberato.org\/nadircollective\/#website","url":"https:\/\/scugnizzoliberato.org\/nadircollective\/","name":"NaDir Collective","description":"Collettivo di musicist*, artist*, precar* dello spettacolo \ud83d\ude802015 \ud83c\udfe0 Scugnizzo Liberato \/ Napoli","publisher":{"@id":"https:\/\/scugnizzoliberato.org\/nadircollective\/#organization"},"potentialAction":[{"@type":"SearchAction","target":{"@type":"EntryPoint","urlTemplate":"https:\/\/scugnizzoliberato.org\/nadircollective\/?s={search_term_string}"},"query-input":{"@type":"PropertyValueSpecification","valueRequired":true,"valueName":"search_term_string"}}],"inLanguage":"en-US"},{"@type":"Organization","@id":"https:\/\/scugnizzoliberato.org\/nadircollective\/#organization","name":"NaDir \/ Napoli Direzione Opposta","url":"https:\/\/scugnizzoliberato.org\/nadircollective\/","logo":{"@type":"ImageObject","inLanguage":"en-US","@id":"https:\/\/scugnizzoliberato.org\/nadircollective\/#\/schema\/logo\/image\/","url":"https:\/\/scugnizzoliberato.org\/nadircollective\/wp-content\/uploads\/2018\/05\/sestante-NaDir.png","contentUrl":"https:\/\/scugnizzoliberato.org\/nadircollective\/wp-content\/uploads\/2018\/05\/sestante-NaDir.png","width":512,"height":512,"caption":"NaDir \/ Napoli Direzione Opposta"},"image":{"@id":"https:\/\/scugnizzoliberato.org\/nadircollective\/#\/schema\/logo\/image\/"},"sameAs":["https:\/\/www.facebook.com\/nadirdirezioneopposta\/","https:\/\/x.com\/NaDirCollective","https:\/\/www.instagram.com\/nadir_direzioneopposta\/","https:\/\/www.youtube.com\/channel\/UCdR4Xs7DPzaR7HQslIgHMTA"]}]}},"_links":{"self":[{"href":"https:\/\/scugnizzoliberato.org\/nadircollective\/wp-json\/wp\/v2\/pages\/750","targetHints":{"allow":["GET"]}}],"collection":[{"href":"https:\/\/scugnizzoliberato.org\/nadircollective\/wp-json\/wp\/v2\/pages"}],"about":[{"href":"https:\/\/scugnizzoliberato.org\/nadircollective\/wp-json\/wp\/v2\/types\/page"}],"author":[{"embeddable":true,"href":"https:\/\/scugnizzoliberato.org\/nadircollective\/wp-json\/wp\/v2\/users\/9"}],"replies":[{"embeddable":true,"href":"https:\/\/scugnizzoliberato.org\/nadircollective\/wp-json\/wp\/v2\/comments?post=750"}],"version-history":[{"count":5,"href":"https:\/\/scugnizzoliberato.org\/nadircollective\/wp-json\/wp\/v2\/pages\/750\/revisions"}],"predecessor-version":[{"id":769,"href":"https:\/\/scugnizzoliberato.org\/nadircollective\/wp-json\/wp\/v2\/pages\/750\/revisions\/769"}],"up":[{"embeddable":true,"href":"https:\/\/scugnizzoliberato.org\/nadircollective\/wp-json\/wp\/v2\/pages\/519"}],"wp:attachment":[{"href":"https:\/\/scugnizzoliberato.org\/nadircollective\/wp-json\/wp\/v2\/media?parent=750"}],"curies":[{"name":"wp","href":"https:\/\/api.w.org\/{rel}","templated":true}]}}