{"id":30,"date":"2018-04-17T14:46:40","date_gmt":"2018-04-17T12:46:40","guid":{"rendered":"https:\/\/www.nadir.fm\/wordpress\/?page_id=30"},"modified":"2018-05-01T12:52:16","modified_gmt":"2018-05-01T10:52:16","slug":"chi-siamo","status":"publish","type":"page","link":"https:\/\/scugnizzoliberato.org\/nadircollective\/chi-siamo\/","title":{"rendered":"Chi siamo"},"content":{"rendered":"<p><strong>NaDir \\ Napoli Direzione Opposta<\/strong> \u00e8 un festival musicale indipendente e completamente autofinanziato che ha casa a Napoli. Ma NaDir \u00e8 anche <strong>lo spirito<\/strong> dietro un modo completamente alternativo di organizzare eventi, il nome che abbiamo scelto di dare alla nostra spinta a cercare una nuova prospettiva per la produzione culturale.<\/p>\n<p>NaDir nasce nel 2015 dall\u2019esigenza di riempire il <em>vuoto pneumatico<\/em> dell&#8217;accesso alla produzione musicale dal vivo a Napoli, superando i limiti imposti dal difficile mercato locale; dal bisogno di interrompere il circolo vizioso imposto dalle interazioni tra artisti, intermediari e venue, che produce solo la lievitazione dei costi di produzione senza un reale guadagno per nessuna delle parti coinvolte; dalla voglia di creare una manifestazione che abbia al centro la pulsione a fare arte, dando spazio nella propria citt\u00e0 alle band pi\u00f9 meritevoli della scena locale e valorizzandole attraverso una programmazione ragionata e un\u2019organizzazione professionale.<\/p>\n<p>Per questa ragione NaDir Festival si fonda su <strong>quattro principi<\/strong>:<\/p>\n<p>&#8211; Mettere al centro di tutta l\u2019organizzazione la <strong>qualit\u00e0 artistica, la qualit\u00e0 tecnica e la qualit\u00e0 organizzativa<\/strong>, direzionando tutti gli sforzi verso l\u2019adempimento di questi tre pilastri insindacabili. In quest\u2019ottica la selezione degli artisti, i dettagli tecnici dell\u2019allestimento e la scelta (e la formazione, dove necessario) dei responsabili di ogni fase della produzione sono il primo passo dell\u2019organizzazione e il nucleo attorno a cui \u00e8 costruito tutto il resto della manifestazione.<\/p>\n<p>&#8211; Costruire un allestimento che sia in linea con i principi costitutivi del progetto. Per questo motivo vengono selezionati <strong>espositori, workshop, attivit\u00e0 giornaliere, performance, cercando di privilegiare piccole realt\u00e0 locali<\/strong> (e non), sempre con il vincolo di costruire una manifestazione che abbia degli standard qualitativi elevati, partendo dall\u2019offerta musicale e arrivando alla ristorazione.<\/p>\n<p>&#8211; Dare, attraverso questa manifestazione, possibilit\u00e0 di <strong>riscatto a territori abbandonati dalle istituzioni o dai circuiti artistici e commerciali<\/strong> tradizionali. Per questa ragione \u00e8 stato scelto lo spazio del Polifunzionale di Soccavo: per puntare i riflettori tanto su una struttura enorme, dalle infinite possibilit\u00e0 e abbandonata all\u2019incuria, quanto su un territorio storicamente difficile per via della scarsit\u00e0 di collegamenti con i centri culturali tradizionali della citt\u00e0.<\/p>\n<p>&#8211; Promuovere un cambio di prospettiva culturale in tutte le fasi coinvolte nella produzione musicale dal vivo, dall\u2019organizzazione alla partecipazione del pubblico, passando per la trattativa con e degli artisti, per il marketing e la grafica, le pubbliche relazioni e i rapporti con le istituzioni. In questo senso, NaDir propone <strong>l\u2019indipendenza come strumento pi\u00f9 che come valore assoluto<\/strong>, cercando di costruire un coinvolgimento diretto in tutti i lavoratori che partecipano all\u2019organizzazione, artisti compresi, fino ad arrivare al pubblico, la cui partecipazione \u00e8 richiesta in quanto finanziatori reali del progetto piuttosto che come semplici spettatori paganti di un momento di intrattenimento. Lo scopo finale \u00e8 piantare la nozione, nel fertile terreno musicale napoletano, che \u00e8 possibile costruire eventi e produzioni professionali senza sacrificare il valore umano, tecnico e artistico delle persone coinvolte in nome delle logiche di mercato, delle condizioni dettate dagli intermediari e delle difficolt\u00e0 del mercato musicale locale.<\/p>\n","protected":false},"excerpt":{"rendered":"<p>NaDir \\ Napoli Direzione Opposta \u00e8 un festival musicale indipendente e completamente autofinanziato che ha casa a Napoli. Ma NaDir \u00e8 anche lo spirito dietro un modo completamente alternativo di organizzare eventi, il nome che abbiamo scelto di dare alla nostra spinta a cercare una nuova prospettiva per la produzione [&hellip;]<\/p>\n","protected":false},"author":1,"featured_media":0,"parent":0,"menu_order":0,"comment_status":"closed","ping_status":"closed","template":"","meta":{"footnotes":""},"class_list":["post-30","page","type-page","status-publish","hentry"],"yoast_head":"<!-- This site is optimized with the Yoast SEO plugin v27.4 - https:\/\/yoast.com\/product\/yoast-seo-wordpress\/ -->\n<title>Chi siamo - NaDir \/ Napoli Direzione Opposta<\/title>\n<meta name=\"robots\" content=\"index, follow, max-snippet:-1, max-image-preview:large, max-video-preview:-1\" \/>\n<link rel=\"canonical\" href=\"https:\/\/scugnizzoliberato.org\/nadircollective\/chi-siamo\/\" \/>\n<meta property=\"og:locale\" content=\"en_US\" \/>\n<meta property=\"og:type\" content=\"article\" \/>\n<meta property=\"og:title\" content=\"Chi siamo - NaDir \/ Napoli Direzione Opposta\" \/>\n<meta property=\"og:description\" content=\"NaDir  Napoli Direzione Opposta \u00e8 un festival musicale indipendente e completamente autofinanziato che ha casa a Napoli. Ma NaDir \u00e8 anche lo spirito dietro un modo completamente alternativo di organizzare eventi, il nome che abbiamo scelto di dare alla nostra spinta a cercare una nuova prospettiva per la produzione [&hellip;]\" \/>\n<meta property=\"og:url\" content=\"https:\/\/scugnizzoliberato.org\/nadircollective\/chi-siamo\/\" \/>\n<meta property=\"og:site_name\" content=\"NaDir \/ Napoli Direzione Opposta\" \/>\n<meta property=\"article:publisher\" content=\"https:\/\/www.facebook.com\/nadirdirezioneopposta\/\" \/>\n<meta property=\"article:modified_time\" content=\"2018-05-01T10:52:16+00:00\" \/>\n<meta property=\"og:image\" content=\"https:\/\/scugnizzoliberato.org\/nadircollective\/wp-content\/uploads\/2018\/05\/GZEROchitarrella.jpg\" \/>\n\t<meta property=\"og:image:width\" content=\"1024\" \/>\n\t<meta property=\"og:image:height\" content=\"681\" \/>\n\t<meta property=\"og:image:type\" content=\"image\/jpeg\" \/>\n<meta name=\"twitter:card\" content=\"summary_large_image\" \/>\n<meta name=\"twitter:site\" content=\"@NaDirCollective\" \/>\n<meta name=\"twitter:label1\" content=\"Est. reading time\" \/>\n\t<meta name=\"twitter:data1\" content=\"2 minutes\" \/>\n<script type=\"application\/ld+json\" class=\"yoast-schema-graph\">{\"@context\":\"https:\\\/\\\/schema.org\",\"@graph\":[{\"@type\":\"WebPage\",\"@id\":\"https:\\\/\\\/scugnizzoliberato.org\\\/nadircollective\\\/chi-siamo\\\/\",\"url\":\"https:\\\/\\\/scugnizzoliberato.org\\\/nadircollective\\\/chi-siamo\\\/\",\"name\":\"Chi siamo - NaDir \\\/ Napoli Direzione Opposta\",\"isPartOf\":{\"@id\":\"https:\\\/\\\/scugnizzoliberato.org\\\/nadircollective\\\/#website\"},\"datePublished\":\"2018-04-17T12:46:40+00:00\",\"dateModified\":\"2018-05-01T10:52:16+00:00\",\"breadcrumb\":{\"@id\":\"https:\\\/\\\/scugnizzoliberato.org\\\/nadircollective\\\/chi-siamo\\\/#breadcrumb\"},\"inLanguage\":\"en-US\",\"potentialAction\":[{\"@type\":\"ReadAction\",\"target\":[\"https:\\\/\\\/scugnizzoliberato.org\\\/nadircollective\\\/chi-siamo\\\/\"]}]},{\"@type\":\"BreadcrumbList\",\"@id\":\"https:\\\/\\\/scugnizzoliberato.org\\\/nadircollective\\\/chi-siamo\\\/#breadcrumb\",\"itemListElement\":[{\"@type\":\"ListItem\",\"position\":1,\"name\":\"Home\",\"item\":\"https:\\\/\\\/scugnizzoliberato.org\\\/nadircollective\\\/\"},{\"@type\":\"ListItem\",\"position\":2,\"name\":\"Chi siamo\"}]},{\"@type\":\"WebSite\",\"@id\":\"https:\\\/\\\/scugnizzoliberato.org\\\/nadircollective\\\/#website\",\"url\":\"https:\\\/\\\/scugnizzoliberato.org\\\/nadircollective\\\/\",\"name\":\"NaDir Collective\",\"description\":\"Collettivo di musicist*, artist*, precar* dello spettacolo \ud83d\ude802015 \ud83c\udfe0 Scugnizzo Liberato \\\/ Napoli\",\"publisher\":{\"@id\":\"https:\\\/\\\/scugnizzoliberato.org\\\/nadircollective\\\/#organization\"},\"potentialAction\":[{\"@type\":\"SearchAction\",\"target\":{\"@type\":\"EntryPoint\",\"urlTemplate\":\"https:\\\/\\\/scugnizzoliberato.org\\\/nadircollective\\\/?s={search_term_string}\"},\"query-input\":{\"@type\":\"PropertyValueSpecification\",\"valueRequired\":true,\"valueName\":\"search_term_string\"}}],\"inLanguage\":\"en-US\"},{\"@type\":\"Organization\",\"@id\":\"https:\\\/\\\/scugnizzoliberato.org\\\/nadircollective\\\/#organization\",\"name\":\"NaDir \\\/ Napoli Direzione Opposta\",\"url\":\"https:\\\/\\\/scugnizzoliberato.org\\\/nadircollective\\\/\",\"logo\":{\"@type\":\"ImageObject\",\"inLanguage\":\"en-US\",\"@id\":\"https:\\\/\\\/scugnizzoliberato.org\\\/nadircollective\\\/#\\\/schema\\\/logo\\\/image\\\/\",\"url\":\"https:\\\/\\\/scugnizzoliberato.org\\\/nadircollective\\\/wp-content\\\/uploads\\\/2018\\\/05\\\/sestante-NaDir.png\",\"contentUrl\":\"https:\\\/\\\/scugnizzoliberato.org\\\/nadircollective\\\/wp-content\\\/uploads\\\/2018\\\/05\\\/sestante-NaDir.png\",\"width\":512,\"height\":512,\"caption\":\"NaDir \\\/ Napoli Direzione Opposta\"},\"image\":{\"@id\":\"https:\\\/\\\/scugnizzoliberato.org\\\/nadircollective\\\/#\\\/schema\\\/logo\\\/image\\\/\"},\"sameAs\":[\"https:\\\/\\\/www.facebook.com\\\/nadirdirezioneopposta\\\/\",\"https:\\\/\\\/x.com\\\/NaDirCollective\",\"https:\\\/\\\/www.instagram.com\\\/nadir_direzioneopposta\\\/\",\"https:\\\/\\\/www.youtube.com\\\/channel\\\/UCdR4Xs7DPzaR7HQslIgHMTA\"]}]}<\/script>\n<!-- \/ Yoast SEO plugin. -->","yoast_head_json":{"title":"Chi siamo - NaDir \/ Napoli Direzione Opposta","robots":{"index":"index","follow":"follow","max-snippet":"max-snippet:-1","max-image-preview":"max-image-preview:large","max-video-preview":"max-video-preview:-1"},"canonical":"https:\/\/scugnizzoliberato.org\/nadircollective\/chi-siamo\/","og_locale":"en_US","og_type":"article","og_title":"Chi siamo - NaDir \/ Napoli Direzione Opposta","og_description":"NaDir  Napoli Direzione Opposta \u00e8 un festival musicale indipendente e completamente autofinanziato che ha casa a Napoli. Ma NaDir \u00e8 anche lo spirito dietro un modo completamente alternativo di organizzare eventi, il nome che abbiamo scelto di dare alla nostra spinta a cercare una nuova prospettiva per la produzione [&hellip;]","og_url":"https:\/\/scugnizzoliberato.org\/nadircollective\/chi-siamo\/","og_site_name":"NaDir \/ Napoli Direzione Opposta","article_publisher":"https:\/\/www.facebook.com\/nadirdirezioneopposta\/","article_modified_time":"2018-05-01T10:52:16+00:00","og_image":[{"width":1024,"height":681,"url":"https:\/\/scugnizzoliberato.org\/nadircollective\/wp-content\/uploads\/2018\/05\/GZEROchitarrella.jpg","type":"image\/jpeg"}],"twitter_card":"summary_large_image","twitter_site":"@NaDirCollective","twitter_misc":{"Est. reading time":"2 minutes"},"schema":{"@context":"https:\/\/schema.org","@graph":[{"@type":"WebPage","@id":"https:\/\/scugnizzoliberato.org\/nadircollective\/chi-siamo\/","url":"https:\/\/scugnizzoliberato.org\/nadircollective\/chi-siamo\/","name":"Chi siamo - NaDir \/ Napoli Direzione Opposta","isPartOf":{"@id":"https:\/\/scugnizzoliberato.org\/nadircollective\/#website"},"datePublished":"2018-04-17T12:46:40+00:00","dateModified":"2018-05-01T10:52:16+00:00","breadcrumb":{"@id":"https:\/\/scugnizzoliberato.org\/nadircollective\/chi-siamo\/#breadcrumb"},"inLanguage":"en-US","potentialAction":[{"@type":"ReadAction","target":["https:\/\/scugnizzoliberato.org\/nadircollective\/chi-siamo\/"]}]},{"@type":"BreadcrumbList","@id":"https:\/\/scugnizzoliberato.org\/nadircollective\/chi-siamo\/#breadcrumb","itemListElement":[{"@type":"ListItem","position":1,"name":"Home","item":"https:\/\/scugnizzoliberato.org\/nadircollective\/"},{"@type":"ListItem","position":2,"name":"Chi siamo"}]},{"@type":"WebSite","@id":"https:\/\/scugnizzoliberato.org\/nadircollective\/#website","url":"https:\/\/scugnizzoliberato.org\/nadircollective\/","name":"NaDir Collective","description":"Collettivo di musicist*, artist*, precar* dello spettacolo \ud83d\ude802015 \ud83c\udfe0 Scugnizzo Liberato \/ Napoli","publisher":{"@id":"https:\/\/scugnizzoliberato.org\/nadircollective\/#organization"},"potentialAction":[{"@type":"SearchAction","target":{"@type":"EntryPoint","urlTemplate":"https:\/\/scugnizzoliberato.org\/nadircollective\/?s={search_term_string}"},"query-input":{"@type":"PropertyValueSpecification","valueRequired":true,"valueName":"search_term_string"}}],"inLanguage":"en-US"},{"@type":"Organization","@id":"https:\/\/scugnizzoliberato.org\/nadircollective\/#organization","name":"NaDir \/ Napoli Direzione Opposta","url":"https:\/\/scugnizzoliberato.org\/nadircollective\/","logo":{"@type":"ImageObject","inLanguage":"en-US","@id":"https:\/\/scugnizzoliberato.org\/nadircollective\/#\/schema\/logo\/image\/","url":"https:\/\/scugnizzoliberato.org\/nadircollective\/wp-content\/uploads\/2018\/05\/sestante-NaDir.png","contentUrl":"https:\/\/scugnizzoliberato.org\/nadircollective\/wp-content\/uploads\/2018\/05\/sestante-NaDir.png","width":512,"height":512,"caption":"NaDir \/ Napoli Direzione Opposta"},"image":{"@id":"https:\/\/scugnizzoliberato.org\/nadircollective\/#\/schema\/logo\/image\/"},"sameAs":["https:\/\/www.facebook.com\/nadirdirezioneopposta\/","https:\/\/x.com\/NaDirCollective","https:\/\/www.instagram.com\/nadir_direzioneopposta\/","https:\/\/www.youtube.com\/channel\/UCdR4Xs7DPzaR7HQslIgHMTA"]}]}},"_links":{"self":[{"href":"https:\/\/scugnizzoliberato.org\/nadircollective\/wp-json\/wp\/v2\/pages\/30","targetHints":{"allow":["GET"]}}],"collection":[{"href":"https:\/\/scugnizzoliberato.org\/nadircollective\/wp-json\/wp\/v2\/pages"}],"about":[{"href":"https:\/\/scugnizzoliberato.org\/nadircollective\/wp-json\/wp\/v2\/types\/page"}],"author":[{"embeddable":true,"href":"https:\/\/scugnizzoliberato.org\/nadircollective\/wp-json\/wp\/v2\/users\/1"}],"replies":[{"embeddable":true,"href":"https:\/\/scugnizzoliberato.org\/nadircollective\/wp-json\/wp\/v2\/comments?post=30"}],"version-history":[{"count":5,"href":"https:\/\/scugnizzoliberato.org\/nadircollective\/wp-json\/wp\/v2\/pages\/30\/revisions"}],"predecessor-version":[{"id":373,"href":"https:\/\/scugnizzoliberato.org\/nadircollective\/wp-json\/wp\/v2\/pages\/30\/revisions\/373"}],"wp:attachment":[{"href":"https:\/\/scugnizzoliberato.org\/nadircollective\/wp-json\/wp\/v2\/media?parent=30"}],"curies":[{"name":"wp","href":"https:\/\/api.w.org\/{rel}","templated":true}]}}